{"id":56,"date":"2023-09-30T05:13:30","date_gmt":"2023-09-30T05:13:30","guid":{"rendered":"https:\/\/allix.co\/?post_type=product&#038;p=56"},"modified":"2023-09-30T06:02:46","modified_gmt":"2023-09-30T06:02:46","slug":"importelo-de-china-o-de-cualquier-lugar-del-mundo","status":"publish","type":"product","link":"https:\/\/allix.co\/?product=importelo-de-china-o-de-cualquier-lugar-del-mundo","title":{"rendered":"imp\u00f3rtelo de china o de cualquier lugar del mundo"},"content":{"rendered":"<p data-sourcepos=\"1:1-1:254\">La asesor\u00eda para compra internacional es un servicio que ALLIX\u00a0 a las empresas o personas\u00a0 que desean realizar compras de bienes o servicios en el extranjero.<\/p>\n<p data-sourcepos=\"3:1-3:83\">Los principales beneficios de contratar una asesor\u00eda para compra internacional son:<\/p>\n<ul data-sourcepos=\"5:1-8:0\">\n<li data-sourcepos=\"5:1-5:196\"><strong>Ahorro de tiempo y dinero:<\/strong>\u00a0Los asesores pueden ayudar a las empresas a identificar las mejores oportunidades de compra, negociar precios y condiciones, y gestionar el proceso de importaci\u00f3n.<\/li>\n<li data-sourcepos=\"6:1-6:196\"><strong>Reducci\u00f3n de riesgos:<\/strong>\u00a0Los asesores pueden ayudar a las empresas a evitar problemas comunes en las compras internacionales, como problemas de calidad, retrasos en la entrega y costos ocultos.<\/li>\n<li data-sourcepos=\"7:1-8:0\"><strong>Mejora de la competitividad:<\/strong>\u00a0Los asesores pueden ayudar a las empresas a aprovechar las oportunidades del mercado global y mejorar su competitividad.<\/li>\n<\/ul>\n<p data-sourcepos=\"9:1-9:82\">Los servicios que suelen brindar las asesor\u00edas para compra internacional incluyen:<\/p>\n<ul data-sourcepos=\"11:1-14:0\">\n<li data-sourcepos=\"11:1-11:190\"><strong>An\u00e1lisis de mercado:<\/strong>\u00a0Los asesores pueden ayudar a las empresas a identificar proveedores potenciales, analizar precios y condiciones, y evaluar la calidad de los productos o servicios.<\/li>\n<li data-sourcepos=\"12:1-12:132\"><strong>Negociaci\u00f3n:<\/strong>\u00a0Los asesores pueden ayudar a las empresas a negociar precios, condiciones de pago, plazos de entrega y garant\u00edas.<\/li>\n<li data-sourcepos=\"13:1-14:0\"><strong>Gesti\u00f3n de la importaci\u00f3n:<\/strong>\u00a0Los asesores pueden ayudar a las empresas a gestionar el proceso de importaci\u00f3n, desde la contrataci\u00f3n del transporte hasta el despacho de aduanas.<\/li>\n<\/ul>\n<p data-sourcepos=\"15:1-15:205\">La elecci\u00f3n de una asesor\u00eda para compra internacional depende de una serie de factores, como el tipo de producto o servicio que se desea comprar, el presupuesto y las necesidades espec\u00edficas de la empresa.<\/p>\n<p data-sourcepos=\"17:1-17:97\">Las\u00a0 tareas que Allix realiza\u00a0 para elegir\u00a0 un proveedor para compra internacional:<\/p>\n<ul data-sourcepos=\"19:1-23:0\">\n<li data-sourcepos=\"19:1-19:110\"><strong>Solicita referencias:\u00a0 Se solicitan <\/strong>\u00a0referencias de empresas que suministren el producto.<\/li>\n<li data-sourcepos=\"20:1-20:98\"><strong>Compara precios:<\/strong>\u00a0 Realiza comparacion de precios\u00a0 para encontrar la mejor oferta.<\/li>\n<li data-sourcepos=\"21:1-21:128\"><strong>Eval\u00faa experiencia:<\/strong> Investiga que clientes ha atendido\u00a0 en nuestra zona<\/li>\n<li data-sourcepos=\"22:1-23:0\"><strong>Pide una propuesta:<\/strong> Pide las propuestas que se entregaran al cliente para evaluaci\u00f3n de compra.<\/li>\n<\/ul>\n<p data-sourcepos=\"24:1-24:135\">Contar con una asesor\u00eda para compra internacional puede ser una excelente manera de garantizar el \u00e9xito de las compras internacionales.<\/p>\n<p>Allix sas ofrece el servicio de\u00a0 importar de china u otros paises,\u00a0 computadoras,\u00a0 equipo\u00a0 electr\u00f3nico, gadgets,\u00a0 repuestos de todo tipo, o incluso un servicio.\u00a0 etc.<\/p>\n<p>El costo del servicio\u00a0 \u00a0 base\u00a0 (toma del requerimiento y presentaci\u00f3n de tres ofertas) es \u00fanico.<\/p>\n<p>Si el cliente desea extender el servicio\u00a0 al tramite del pedido, orden de compra o producci\u00f3n,\u00a0 coordinaci\u00f3n del despacho,\u00a0 legalizaci\u00f3n de la importaci\u00f3n entrega del producto, puede solicitar una cotizaci\u00f3n adicional\u00a0 al servicio aqu\u00ed ofertado.<\/p>\n<p>A trav\u00e9s del chat de esta pagina le daremos instrucciones para el pago de este servicio.<\/p>\n<p>Tiempo para recibir tres ofertas :\u00a0 hasta 36 horas h\u00e1biles laborales.<\/p>\n<p>El servicio\u00a0 incluye los impuestos ,\u00a0 el servicio ser\u00e1 facturado.<\/p>\n","protected":false},"excerpt":{"rendered":"<p>Servicio para asesorarlo en la compra de un bien o servicio en el exterior,\u00a0 \u00a0se le entregan hasta tres cotizaciones del exterior.<\/p>\n<p>Para compras de elementos menores o gadgets el servicio\u00a0 tiene un descuento del 70%\u00a0 el cual se aplica al momento del pago, en su orden de servicio.<\/p>\n","protected":false},"featured_media":57,"comment_status":"open","ping_status":"closed","template":"","meta":{"_monsterinsights_skip_tracking":false,"_monsterinsights_sitenote_active":false,"_monsterinsights_sitenote_note":"","_monsterinsights_sitenote_category":0,"_ti_tpc_template_sync":false,"_ti_tpc_template_id":""},"product_cat":[33,30],"product_tag":[],"aioseo_notices":[],"jetpack_sharing_enabled":true,"_links":{"self":[{"href":"https:\/\/allix.co\/index.php?rest_route=\/wp\/v2\/product\/56"}],"collection":[{"href":"https:\/\/allix.co\/index.php?rest_route=\/wp\/v2\/product"}],"about":[{"href":"https:\/\/allix.co\/index.php?rest_route=\/wp\/v2\/types\/product"}],"replies":[{"embeddable":true,"href":"https:\/\/allix.co\/index.php?rest_route=%2Fwp%2Fv2%2Fcomments&post=56"}],"wp:featuredmedia":[{"embeddable":true,"href":"https:\/\/allix.co\/index.php?rest_route=\/wp\/v2\/media\/57"}],"wp:attachment":[{"href":"https:\/\/allix.co\/index.php?rest_route=%2Fwp%2Fv2%2Fmedia&parent=56"}],"wp:term":[{"taxonomy":"product_cat","embeddable":true,"href":"https:\/\/allix.co\/index.php?rest_route=%2Fwp%2Fv2%2Fproduct_cat&post=56"},{"taxonomy":"product_tag","embeddable":true,"href":"https:\/\/allix.co\/index.php?rest_route=%2Fwp%2Fv2%2Fproduct_tag&post=56"}],"curies":[{"name":"wp","href":"https:\/\/api.w.org\/{rel}","templated":true}]}}