{"id":64,"date":"2023-10-02T05:09:36","date_gmt":"2023-10-02T05:09:36","guid":{"rendered":"https:\/\/allix.co\/?post_type=product&#038;p=64"},"modified":"2023-10-02T05:09:36","modified_gmt":"2023-10-02T05:09:36","slug":"consultoria-en-ingenieria-electrica","status":"publish","type":"product","link":"https:\/\/allix.co\/?product=consultoria-en-ingenieria-electrica","title":{"rendered":"Consultor\u00eda en ingenier\u00eda el\u00e9ctrica"},"content":{"rendered":"<p>Con mas de treinta a\u00f1os de experiencia en el desarrollo de importantes proyectos, nuestros ingenieros est\u00e1n en la capacidad de atender consultor\u00eda para :<\/p>\n<p>Sistemas de potencia,\u00a0 electr\u00f3nica y componentes asociados, automatizaci\u00f3n, sistemas de control,\u00a0 procesos industriales, telecomunicaciones (dise\u00f1o y montaje).<\/p>\n<p>Realizamos proyectos para\u00a0 sectores como :\u00a0 Comercio, salud, industria, transporte,\u00a0 infraestructura privada y publica, centros de datos, iluminaci\u00f3n, seguridad, educaci\u00f3n, gobierno\u00a0 e incluso apoyo a proyectos de investigaci\u00f3n.<\/p>\n<p>Consulte con nosotros : Director de proyectos\u00a0 ingeniero Diego Barrero Barrios (ingeniero electricista ), especialista en telecomunicaciones +57 3104234550 .<\/p>\n<p>&nbsp;<\/p>\n","protected":false},"excerpt":{"rendered":"<p>Dependiendo\u00a0 del tipo de proyecto, recibir\u00e1 de manera pronta una oferta a la necesidad de sus proyectos a trav\u00e9s del whatsapp de esta pagina web,\u00a0 o llamemos de manera directa al tel\u00e9fono 3104234550.<\/p>\n<p>&nbsp;<\/p>\n","protected":false},"featured_media":65,"comment_status":"open","ping_status":"closed","template":"","meta":{"_monsterinsights_skip_tracking":false,"_monsterinsights_sitenote_active":false,"_monsterinsights_sitenote_note":"","_monsterinsights_sitenote_category":0,"_ti_tpc_template_sync":false,"_ti_tpc_template_id":""},"product_cat":[34],"product_tag":[],"aioseo_notices":[],"jetpack_sharing_enabled":true,"_links":{"self":[{"href":"https:\/\/allix.co\/index.php?rest_route=\/wp\/v2\/product\/64"}],"collection":[{"href":"https:\/\/allix.co\/index.php?rest_route=\/wp\/v2\/product"}],"about":[{"href":"https:\/\/allix.co\/index.php?rest_route=\/wp\/v2\/types\/product"}],"replies":[{"embeddable":true,"href":"https:\/\/allix.co\/index.php?rest_route=%2Fwp%2Fv2%2Fcomments&post=64"}],"wp:featuredmedia":[{"embeddable":true,"href":"https:\/\/allix.co\/index.php?rest_route=\/wp\/v2\/media\/65"}],"wp:attachment":[{"href":"https:\/\/allix.co\/index.php?rest_route=%2Fwp%2Fv2%2Fmedia&parent=64"}],"wp:term":[{"taxonomy":"product_cat","embeddable":true,"href":"https:\/\/allix.co\/index.php?rest_route=%2Fwp%2Fv2%2Fproduct_cat&post=64"},{"taxonomy":"product_tag","embeddable":true,"href":"https:\/\/allix.co\/index.php?rest_route=%2Fwp%2Fv2%2Fproduct_tag&post=64"}],"curies":[{"name":"wp","href":"https:\/\/api.w.org\/{rel}","templated":true}]}}